{"id":321,"date":"2019-04-27T06:17:12","date_gmt":"2019-04-27T06:17:12","guid":{"rendered":"http:\/\/slashcreative.co\/elementor\/moppers?page_id=321"},"modified":"2025-11-22T00:55:55","modified_gmt":"2025-11-21T21:55:55","slug":"iletisim","status":"publish","type":"page","link":"https:\/\/www.3gmovers.com\/en\/iletisim\/","title":{"rendered":"Contact Us"},"content":{"rendered":"<div data-elementor-type=\"wp-page\" data-elementor-id=\"321\" class=\"elementor elementor-321\">\n\t\t\t\t<div class=\"elementor-element elementor-element-2c6957f3 e-con-full e-flex e-con e-parent\" data-id=\"2c6957f3\" data-element_type=\"container\" data-settings=\"{&quot;background_background&quot;:&quot;classic&quot;,&quot;shape_divider_bottom&quot;:&quot;mountains&quot;}\">\n\t\t\t\t<div class=\"elementor-shape elementor-shape-bottom\" aria-hidden=\"true\" data-negative=\"false\">\n\t\t\t<svg xmlns=\"http:\/\/www.w3.org\/2000\/svg\" viewbox=\"0 0 1000 100\" preserveaspectratio=\"none\">\n\t<path class=\"elementor-shape-fill\" opacity=\"0.33\" d=\"M473,67.3c-203.9,88.3-263.1-34-320.3,0C66,119.1,0,59.7,0,59.7V0h1000v59.7 c0,0-62.1,26.1-94.9,29.3c-32.8,3.3-62.8-12.3-75.8-22.1C806,49.6,745.3,8.7,694.9,4.7S492.4,59,473,67.3z\"\/>\n\t<path class=\"elementor-shape-fill\" opacity=\"0.66\" d=\"M734,67.3c-45.5,0-77.2-23.2-129.1-39.1c-28.6-8.7-150.3-10.1-254,39.1 s-91.7-34.4-149.2,0C115.7,118.3,0,39.8,0,39.8V0h1000v36.5c0,0-28.2-18.5-92.1-18.5C810.2,18.1,775.7,67.3,734,67.3z\"\/>\n\t<path class=\"elementor-shape-fill\" d=\"M766.1,28.9c-200-57.5-266,65.5-395.1,19.5C242,1.8,242,5.4,184.8,20.6C128,35.8,132.3,44.9,89.9,52.5C28.6,63.7,0,0,0,0 h1000c0,0-9.9,40.9-83.6,48.1S829.6,47,766.1,28.9z\"\/>\n<\/svg>\t\t<\/div>\n\t\t<div class=\"elementor-element elementor-element-1d2b0c4d e-flex e-con-boxed e-con e-child\" data-id=\"1d2b0c4d\" data-element_type=\"container\">\n\t\t\t\t\t<div class=\"e-con-inner\">\n\t\t<div class=\"elementor-element elementor-element-41a5eaa8 e-flex e-con-boxed e-con e-child\" data-id=\"41a5eaa8\" data-element_type=\"container\">\n\t\t\t\t\t<div class=\"e-con-inner\">\n\t\t\t\t<div class=\"elementor-element elementor-element-703dd7b4 elementor-widget elementor-widget-sc-sub-heading\" data-id=\"703dd7b4\" data-element_type=\"widget\" data-widget_type=\"sc-sub-heading.default\">\n\t\t\t\t<div class=\"elementor-widget-container\">\n\t\t\t\t\t<div class=\"sub-heading-wrapper\"><h6 class=\"sub-heading center\">Contact<\/h6><\/div>\t\t\t\t<\/div>\n\t\t\t\t<\/div>\n\t\t\t\t<div class=\"elementor-element elementor-element-27da1b52 elementor-widget elementor-widget-heading\" data-id=\"27da1b52\" data-element_type=\"widget\" data-widget_type=\"heading.default\">\n\t\t\t\t\t<h1 class=\"elementor-heading-title elementor-size-default\">Contact us\n<\/h1>\t\t\t\t<\/div>\n\t\t\t\t\t<\/div>\n\t\t\t\t<\/div>\n\t\t\t\t\t<\/div>\n\t\t\t\t<\/div>\n\t\t<div class=\"elementor-element elementor-element-2dd07cbb e-con-full e-flex e-con e-child\" data-id=\"2dd07cbb\" data-element_type=\"container\">\n\t\t\t\t<\/div>\n\t\t\t\t<\/div>\n\t\t<div class=\"elementor-element elementor-element-4dbe110 e-flex e-con-boxed e-con e-parent\" data-id=\"4dbe110\" data-element_type=\"container\">\n\t\t\t\t\t<div class=\"e-con-inner\">\n\t\t<div class=\"elementor-element elementor-element-6f92cbe e-grid e-con-full e-con e-child\" data-id=\"6f92cbe\" data-element_type=\"container\">\n\t\t<div class=\"elementor-element elementor-element-f99311b e-con-full e-flex e-con e-child\" data-id=\"f99311b\" data-element_type=\"container\" data-settings=\"{&quot;background_background&quot;:&quot;gradient&quot;}\">\n\t\t\t\t<div class=\"elementor-element elementor-element-a135544 elementor-widget elementor-widget-heading\" data-id=\"a135544\" data-element_type=\"widget\" data-widget_type=\"heading.default\">\n\t\t\t\t\t<h4 class=\"elementor-heading-title elementor-size-default\">Our phones<\/h4>\t\t\t\t<\/div>\n\t\t\t\t<div class=\"elementor-element elementor-element-0b5963d elementor-widget elementor-widget-text-editor\" data-id=\"0b5963d\" data-element_type=\"widget\" data-widget_type=\"text-editor.default\">\n\t\t\t\t\t\t\t\t\t<h5><span style=\"color: #000000;\"><a style=\"color: #000000;\" href=\"tel:+902166061333\"><strong>+90 216 606 1 333<\/strong><\/a><\/span><\/h5><h5><span style=\"color: #000000;\"><strong>+90 549 616 74 66 (Sales)<\/strong><\/span><\/h5><h5><span style=\"color: #000000;\"><a style=\"color: #000000;\" href=\"tel:+905496167470\"><strong>+90 549 616 74 70 (Operations)<\/strong><\/a><\/span><\/h5>\t\t\t\t\t\t\t\t<\/div>\n\t\t\t\t<div class=\"elementor-element elementor-element-152c451 elementor-align-center elementor-widget elementor-widget-button\" data-id=\"152c451\" data-element_type=\"widget\" data-widget_type=\"button.default\">\n\t\t\t\t\t\t\t\t\t\t<a class=\"elementor-button elementor-button-link elementor-size-sm\" href=\"tel:+902166061333\">\n\t\t\t\t\t\t<span class=\"elementor-button-content-wrapper\">\n\t\t\t\t\t\t\t\t\t<span class=\"elementor-button-text\">CALL NOW<\/span>\n\t\t\t\t\t<\/span>\n\t\t\t\t\t<\/a>\n\t\t\t\t\t\t\t\t<\/div>\n\t\t\t\t<\/div>\n\t\t<div class=\"elementor-element elementor-element-48cc224 e-con-full e-flex e-con e-child\" data-id=\"48cc224\" data-element_type=\"container\" data-settings=\"{&quot;background_background&quot;:&quot;gradient&quot;}\">\n\t\t\t\t<div class=\"elementor-element elementor-element-a25a446 elementor-widget elementor-widget-heading\" data-id=\"a25a446\" data-element_type=\"widget\" data-widget_type=\"heading.default\">\n\t\t\t\t\t<h4 class=\"elementor-heading-title elementor-size-default\">Email and Web<\/h4>\t\t\t\t<\/div>\n\t\t\t\t<div class=\"elementor-element elementor-element-1a6705e elementor-widget elementor-widget-text-editor\" data-id=\"1a6705e\" data-element_type=\"widget\" data-widget_type=\"text-editor.default\">\n\t\t\t\t\t\t\t\t\t<h5><span style=\"color: #000000;\"><strong>info@3gmovers.com<\/strong><\/span><\/h5><h5><span style=\"color: #000000;\"><strong>sales@3gmovers.com<\/strong><\/span><\/h5><h5><span style=\"color: #000000;\"><strong>www.3gmovers.com<\/strong><\/span><\/h5>\t\t\t\t\t\t\t\t<\/div>\n\t\t\t\t<div class=\"elementor-element elementor-element-9ef7424 elementor-align-center elementor-widget elementor-widget-button\" data-id=\"9ef7424\" data-element_type=\"widget\" data-widget_type=\"button.default\">\n\t\t\t\t\t\t\t\t\t\t<a class=\"elementor-button elementor-button-link elementor-size-sm\" href=\"mailto:info@3gmovers.com\">\n\t\t\t\t\t\t<span class=\"elementor-button-content-wrapper\">\n\t\t\t\t\t\t\t\t\t<span class=\"elementor-button-text\">SEND EMAIL<\/span>\n\t\t\t\t\t<\/span>\n\t\t\t\t\t<\/a>\n\t\t\t\t\t\t\t\t<\/div>\n\t\t\t\t<\/div>\n\t\t<div class=\"elementor-element elementor-element-7b6c260 e-con-full e-flex e-con e-child\" data-id=\"7b6c260\" data-element_type=\"container\" data-settings=\"{&quot;background_background&quot;:&quot;gradient&quot;}\">\n\t\t\t\t<div class=\"elementor-element elementor-element-699bdad elementor-widget elementor-widget-heading\" data-id=\"699bdad\" data-element_type=\"widget\" data-widget_type=\"heading.default\">\n\t\t\t\t\t<h4 class=\"elementor-heading-title elementor-size-default\">Our address<\/h4>\t\t\t\t<\/div>\n\t\t\t\t<div class=\"elementor-element elementor-element-3803f65 elementor-widget elementor-widget-text-editor\" data-id=\"3803f65\" data-element_type=\"widget\" data-widget_type=\"text-editor.default\">\n\t\t\t\t\t\t\t\t\t<h5><span style=\"color: #000000;\"><strong>\u00c7aml\u0131k Mahallesi \u0130kbal Cadddesi<\/strong><\/span><\/h5><h5><span style=\"color: #000000;\"><strong>Pamuk Sokak Ka\u00e7kar Park Plaza<\/strong><\/span><\/h5><h5><span style=\"color: #000000;\"><strong>No: 12-16 D:8 \u00dcmraniye \/ \u0130stanbul<\/strong><\/span><\/h5>\t\t\t\t\t\t\t\t<\/div>\n\t\t\t\t<div class=\"elementor-element elementor-element-b6a977c elementor-align-center elementor-widget elementor-widget-button\" data-id=\"b6a977c\" data-element_type=\"widget\" data-widget_type=\"button.default\">\n\t\t\t\t\t\t\t\t\t\t<a class=\"elementor-button elementor-button-link elementor-size-sm\" href=\"https:\/\/share.google\/d833bL4DaGD4gly3n\">\n\t\t\t\t\t\t<span class=\"elementor-button-content-wrapper\">\n\t\t\t\t\t\t\t\t\t<span class=\"elementor-button-text\">GET DIRECTIONS<\/span>\n\t\t\t\t\t<\/span>\n\t\t\t\t\t<\/a>\n\t\t\t\t\t\t\t\t<\/div>\n\t\t\t\t<\/div>\n\t\t\t\t<\/div>\n\t\t\t\t\t<\/div>\n\t\t\t\t<\/div>\n\t\t<div class=\"elementor-element elementor-element-1900591 e-flex e-con-boxed e-con e-parent\" data-id=\"1900591\" data-element_type=\"container\">\n\t\t\t\t\t<div class=\"e-con-inner\">\n\t\t<div class=\"elementor-element elementor-element-3edbd51 e-con-full e-flex e-con e-child\" data-id=\"3edbd51\" data-element_type=\"container\" data-settings=\"{&quot;background_background&quot;:&quot;classic&quot;}\">\n\t\t\t\t<div class=\"elementor-element elementor-element-590691b elementor-widget elementor-widget-heading\" data-id=\"590691b\" data-element_type=\"widget\" data-widget_type=\"heading.default\">\n\t\t\t\t\t<h4 class=\"elementor-heading-title elementor-size-default\">Fill out the form and send it to us.<\/h4>\t\t\t\t<\/div>\n\t\t\t\t<div class=\"elementor-element elementor-element-a5a6578 elementor-widget elementor-widget-shortcode\" data-id=\"a5a6578\" data-element_type=\"widget\" data-widget_type=\"shortcode.default\">\n\t\t\t\t\t\t\t<div class=\"elementor-shortcode\">\n<div class=\"wpcf7 no-js\" id=\"wpcf7-f186-o1\" lang=\"en-US\" dir=\"ltr\" data-wpcf7-id=\"186\">\n<div class=\"screen-reader-response\"><p role=\"status\" aria-live=\"polite\" aria-atomic=\"true\"><\/p> <ul><\/ul><\/div>\n<form action=\"\/en\/wp-json\/wp\/v2\/pages\/321#wpcf7-f186-o1\" method=\"post\" class=\"wpcf7-form init\" aria-label=\"Contact form\" novalidate=\"novalidate\" data-status=\"init\" data-trp-original-action=\"\/en\/wp-json\/wp\/v2\/pages\/321#wpcf7-f186-o1\">\n<fieldset class=\"hidden-fields-container\"><input type=\"hidden\" name=\"_wpcf7\" value=\"186\" \/><input type=\"hidden\" name=\"_wpcf7_version\" value=\"6.1.4\" \/><input type=\"hidden\" name=\"_wpcf7_locale\" value=\"en_US\" \/><input type=\"hidden\" name=\"_wpcf7_unit_tag\" value=\"wpcf7-f186-o1\" \/><input type=\"hidden\" name=\"_wpcf7_container_post\" value=\"0\" \/><input type=\"hidden\" name=\"_wpcf7_posted_data_hash\" value=\"\" \/>\n<\/fieldset>\n<div class=\"col-md-4 col-sm-6\">\n\t<p><label>Where from?<\/label>\n\t<\/p>\n\t<p><span class=\"wpcf7-form-control-wrap\" data-name=\"floor-area1\"><input size=\"40\" maxlength=\"400\" class=\"wpcf7-form-control wpcf7-text wpcf7-validates-as-required\" aria-required=\"true\" aria-invalid=\"false\" placeholder=\"Please write the province and district address where the items will be picked up.\" value=\"\" type=\"text\" name=\"floor-area1\" \/><\/span>\n\t<\/p>\n<\/div>\n<div class=\"col-md-4 col-sm-6\">\n\t<p><label>Where to?<\/label>\n\t<\/p>\n\t<p><span class=\"wpcf7-form-control-wrap\" data-name=\"floor-area2\"><input size=\"40\" maxlength=\"400\" class=\"wpcf7-form-control wpcf7-text wpcf7-validates-as-required\" aria-required=\"true\" aria-invalid=\"false\" placeholder=\"Please enter the country and city postal code where the items will be shipped.\" value=\"\" type=\"text\" name=\"floor-area2\" \/><\/span>\n\t<\/p>\n<\/div>\n<div class=\"col-md-4 col-sm-6\">\n\t<p><label>What service would you like?<\/label>\n\t<\/p>\n\t<p><span class=\"wpcf7-form-control-wrap\" data-name=\"select-400\"><select class=\"wpcf7-form-control wpcf7-select\" aria-invalid=\"false\" name=\"select-400\"><option value=\"T\u00fcm evimi ta\u015f\u0131mak istiyorum\">I want to move my entire house.<\/option><option value=\"Sadece baz\u0131 e\u015fyalar\u0131m\u0131 ta\u015f\u0131mak istiyorum\">I only want to move some of my belongings.<\/option><option value=\"Arac\u0131m\u0131 ta\u015f\u0131mak istiyorum\">I want to transport my vehicle.<\/option><option value=\"Depolama hizmeti istiyorum\">I want storage service<\/option><\/select><\/span>\n\t<\/p>\n<\/div>\n<div class=\"col-md-4 col-sm-6\">\n\t<p><label>Name Surname<\/label>\n\t<\/p>\n\t<p><span class=\"wpcf7-form-control-wrap\" data-name=\"client-name\"><input size=\"40\" maxlength=\"400\" class=\"wpcf7-form-control wpcf7-text wpcf7-validates-as-required\" aria-required=\"true\" aria-invalid=\"false\" placeholder=\"You can write your first and last name\" value=\"\" type=\"text\" name=\"client-name\" \/><\/span>\n\t<\/p>\n<\/div>\n<div class=\"col-md-4 col-sm-6\">\n\t<p><label>Phone Number<\/label>\n\t<\/p>\n\t<p><span class=\"wpcf7-form-control-wrap\" data-name=\"client-phone\"><input size=\"40\" maxlength=\"400\" class=\"wpcf7-form-control wpcf7-text wpcf7-validates-as-required\" aria-required=\"true\" aria-invalid=\"false\" placeholder=\"The phone number we can reach you at\" value=\"\" type=\"text\" name=\"client-phone\" \/><\/span>\n\t<\/p>\n<\/div>\n<div class=\"col-md-4 col-sm-6\">\n\t<p><label>Your Email Address<\/label>\n\t<\/p>\n\t<p><span class=\"wpcf7-form-control-wrap\" data-name=\"client-email\"><input size=\"40\" maxlength=\"400\" class=\"wpcf7-form-control wpcf7-text wpcf7-validates-as-required\" aria-required=\"true\" aria-invalid=\"false\" placeholder=\"Enter Your Email Address\" value=\"\" type=\"text\" name=\"client-email\" \/><\/span>\n\t<\/p>\n<\/div>\n<div class=\"col-md-4 col-sm-6\">\n\t<p><input class=\"wpcf7-form-control wpcf7-submit has-spinner btn--primary btn-cost-estimate\" type=\"submit\" value=\"SEND NOW, GET A FREE QUOTE\" \/>\n\t<\/p>\n<\/div>\n<div class=\"col-md-4 col-sm-6\">\n\t<p class=\"cost-estimate-text\">After your request is received, our expert representative will contact you as soon as possible.\n\t<\/p>\n\t<div class=\"mb-30 visible-xs\">\n\t<\/div>\n<\/div><p style=\"display: none !important;\" class=\"akismet-fields-container\" data-prefix=\"_wpcf7_ak_\"><label>&#916;<textarea name=\"_wpcf7_ak_hp_textarea\" cols=\"45\" rows=\"8\" maxlength=\"100\"><\/textarea><\/label><input type=\"hidden\" id=\"ak_js_1\" name=\"_wpcf7_ak_js\" value=\"20\"\/><script>document.getElementById( \"ak_js_1\" ).setAttribute( \"value\", ( new Date() ).getTime() );<\/script><\/p><div class=\"wpcf7-response-output\" aria-hidden=\"true\"><\/div>\n<input type=\"hidden\" name=\"trp-form-language\" value=\"en\"\/><\/form>\n<\/div>\n<\/div>\n\t\t\t\t\t\t<\/div>\n\t\t\t\t<\/div>\n\t\t\t\t\t<\/div>\n\t\t\t\t<\/div>\n\t\t<div class=\"elementor-element elementor-element-a08d168 e-flex e-con-boxed e-con e-parent\" data-id=\"a08d168\" data-element_type=\"container\">\n\t\t\t\t\t<div class=\"e-con-inner\">\n\t\t\t\t<div class=\"elementor-element elementor-element-d873606 elementor-widget elementor-widget-google_maps\" data-id=\"d873606\" data-element_type=\"widget\" data-widget_type=\"google_maps.default\">\n\t\t\t\t\t\t\t<div class=\"elementor-custom-embed\">\n\t\t\t<iframe loading=\"lazy\"\n\t\t\t\t\tsrc=\"https:\/\/maps.google.com\/maps?q=3G%20Internaitonal%20Movers&#038;t=m&#038;z=12&#038;output=embed&#038;iwloc=near\"\n\t\t\t\t\ttitle=\"3G Internaitonal Movers\"\n\t\t\t\t\taria-label=\"3G Internaitonal Movers\"\n\t\t\t><\/iframe>\n\t\t<\/div>\n\t\t\t\t\t\t<\/div>\n\t\t\t\t\t<\/div>\n\t\t\t\t<\/div>\n\t\t\t\t<\/div>","protected":false},"excerpt":{"rendered":"<p>\u0130LET\u0130\u015e\u0130M Bize Ula\u015f\u0131n Telefonlar\u0131m\u0131z +90 216 606 1 333 +90 549 616 74 66 (Sat\u0131\u015f) +90 549 616 74 70 (Operasyon) \u015e\u0130MD\u0130 ARAYIN E-Posta &amp; Web info@3gmovers.com sales@3gmovers.com www.3gmovers.com E-POSTA G\u00d6NDER Adresimiz \u00c7aml\u0131k Mahallesi \u0130kbal Cadddesi Pamuk Sokak Ka\u00e7kar Park Plaza No: 12-16 D:8 \u00dcmraniye \/ \u0130stanbul YOL TAR\u0130F\u0130 AL Formu Doldurup Bize G\u00f6nderin<\/p>","protected":false},"author":1,"featured_media":0,"parent":0,"menu_order":0,"comment_status":"closed","ping_status":"closed","template":"","meta":{"_acf_changed":false,"footnotes":""},"class_list":["post-321","page","type-page","status-publish","hentry"],"acf":[],"_links":{"self":[{"href":"https:\/\/www.3gmovers.com\/en\/wp-json\/wp\/v2\/pages\/321","targetHints":{"allow":["GET"]}}],"collection":[{"href":"https:\/\/www.3gmovers.com\/en\/wp-json\/wp\/v2\/pages"}],"about":[{"href":"https:\/\/www.3gmovers.com\/en\/wp-json\/wp\/v2\/types\/page"}],"author":[{"embeddable":true,"href":"https:\/\/www.3gmovers.com\/en\/wp-json\/wp\/v2\/users\/1"}],"replies":[{"embeddable":true,"href":"https:\/\/www.3gmovers.com\/en\/wp-json\/wp\/v2\/comments?post=321"}],"version-history":[{"count":68,"href":"https:\/\/www.3gmovers.com\/en\/wp-json\/wp\/v2\/pages\/321\/revisions"}],"predecessor-version":[{"id":4447,"href":"https:\/\/www.3gmovers.com\/en\/wp-json\/wp\/v2\/pages\/321\/revisions\/4447"}],"wp:attachment":[{"href":"https:\/\/www.3gmovers.com\/en\/wp-json\/wp\/v2\/media?parent=321"}],"curies":[{"name":"wp","href":"https:\/\/api.w.org\/{rel}","templated":true}]}}