{"id":4324,"date":"2025-10-20T02:59:12","date_gmt":"2025-10-19T23:59:12","guid":{"rendered":"https:\/\/www.moovport.com\/?page_id=4324"},"modified":"2025-10-20T03:04:12","modified_gmt":"2025-10-20T00:04:12","slug":"bireysel-referanslar","status":"publish","type":"page","link":"https:\/\/www.3gmovers.com\/en\/bireysel-referanslar\/","title":{"rendered":"Personal References"},"content":{"rendered":"<div data-elementor-type=\"wp-page\" data-elementor-id=\"4324\" class=\"elementor elementor-4324\">\n\t\t\t\t<div class=\"elementor-element elementor-element-9149483 e-con-full e-flex e-con e-parent\" data-id=\"9149483\" data-element_type=\"container\" data-settings=\"{&quot;background_background&quot;:&quot;classic&quot;}\">\n\t\t<div class=\"elementor-element elementor-element-a05d6c9 e-con-full e-flex e-con e-child\" data-id=\"a05d6c9\" data-element_type=\"container\">\n\t\t<div class=\"elementor-element elementor-element-23f2a42 e-con-full e-flex e-con e-child\" data-id=\"23f2a42\" data-element_type=\"container\">\n\t\t\t\t<div class=\"elementor-element elementor-element-205e154 elementor-widget elementor-widget-sc-sub-heading\" data-id=\"205e154\" data-element_type=\"widget\" data-widget_type=\"sc-sub-heading.default\">\n\t\t\t\t<div class=\"elementor-widget-container\">\n\t\t\t\t\t<div class=\"sub-heading-wrapper\"><h6 class=\"sub-heading center\">Corporate<\/h6><\/div>\t\t\t\t<\/div>\n\t\t\t\t<\/div>\n\t\t\t\t<div class=\"elementor-element elementor-element-87a8190 elementor-widget elementor-widget-heading\" data-id=\"87a8190\" data-element_type=\"widget\" data-widget_type=\"heading.default\">\n\t\t\t\t\t<h1 class=\"elementor-heading-title elementor-size-default\">Personal References<\/h1>\t\t\t\t<\/div>\n\t\t\t\t<\/div>\n\t\t\t\t<\/div>\n\t\t<div class=\"elementor-element elementor-element-e234d7c e-con-full e-flex e-con e-child\" data-id=\"e234d7c\" data-element_type=\"container\">\n\t\t\t\t<div class=\"elementor-element elementor-element-0914bac elementor-widget elementor-widget-sc-waves\" data-id=\"0914bac\" data-element_type=\"widget\" data-widget_type=\"sc-waves.default\">\n\t\t\t\t<div class=\"elementor-widget-container\">\n\t\t\t\t\t\r\n        \r\r\n        <div class=\"wave-element\" style=\"position:relative;\">\r\r\n            <svg viewbox=\"0 0 1366 214\" preserveaspectratio=\"none\" style=\"position:absolute;width:100%;height:100%;\">\r\r\n                <path fill=\"ffffff\" d=\"M0,54c0,0,106,134,307,101c246-63,285-39,368-22c106,33,225,90,292,62c109-39,255-191,399-178 c0,128,0,214,0,214H0V54z\"\/>\r\r\n            <path fill=\"ffffff\" style=\"opacity: 0.45\" d=\"M-1,231h188h1178c0,0,2-104,0-214c-297,10-383,309-632,143c-39,0-122,51-325-17C172,216-1,31-1,31\"\/>\r\r\n            <path fill=\"ffffff\" style=\"opacity: 0.45\" d=\"M1366,227c0,0,0-71.03,0-203c-198-44-439,252-559,156c-13,1,0.7-9.44-53-20c-116.23-22.86-254.55-23.5-371-17 C157,121-4,172.01-4,172.01\"\/>\r\n            <\/svg>\r\r\n        <\/div>\r\r\n    \t\t\t\t<\/div>\n\t\t\t\t<\/div>\n\t\t\t\t<\/div>\n\t\t\t\t<\/div>\n\t\t<div class=\"elementor-element elementor-element-ba0d5e5 e-flex e-con-boxed e-con e-parent\" data-id=\"ba0d5e5\" data-element_type=\"container\">\n\t\t\t\t\t<div class=\"e-con-inner\">\n\t\t\t\t<div class=\"elementor-element elementor-element-f68c03b elementor-widget elementor-widget-sc-sub-heading\" data-id=\"f68c03b\" data-element_type=\"widget\" data-widget_type=\"sc-sub-heading.default\">\n\t\t\t\t<div class=\"elementor-widget-container\">\n\t\t\t\t\t<div class=\"sub-heading-wrapper\"><h6 class=\"sub-heading center\">REAL EXPERIENCES, REAL REVIEWS<\/h6><\/div>\t\t\t\t<\/div>\n\t\t\t\t<\/div>\n\t\t\t\t<div class=\"elementor-element elementor-element-c9c8051 elementor-widget elementor-widget-text-editor\" data-id=\"c9c8051\" data-element_type=\"widget\" data-widget_type=\"text-editor.default\">\n\t\t\t\t\t\t\t\t\t<p data-start=\"364\" data-end=\"563\" class=\"translation-block\">Every move is a story\u2026 A new beginning, a new country, a new life. At 3G Movers, we've been by the side of thousands of customers on this journey \u2014 moving their belongings, memories, and trust.<\/p><p data-start=\"565\" data-end=\"831\" class=\"translation-block\">For us, individual clients are not just \"moving documents,\" but companions on their journey. Every home, every item, and every moving process is unique. That's why we offer customized solutions to each client, making the moving process stress-free, safe, and comfortable.<\/p>\t\t\t\t\t\t\t\t<\/div>\n\t\t\t\t\t<\/div>\n\t\t\t\t<\/div>\n\t\t<div class=\"elementor-element elementor-element-11508cc0 e-flex e-con-boxed e-con e-parent\" data-id=\"11508cc0\" data-element_type=\"container\" data-settings=\"{&quot;background_background&quot;:&quot;classic&quot;}\">\n\t\t\t\t\t<div class=\"e-con-inner\">\n\t\t<div class=\"elementor-element elementor-element-7756d4c5 e-con-full e-flex e-con e-child\" data-id=\"7756d4c5\" data-element_type=\"container\">\n\t\t\t\t<div class=\"elementor-element elementor-element-696e4838 elementor-widget elementor-widget-sc-testimonial\" data-id=\"696e4838\" data-element_type=\"widget\" data-widget_type=\"sc-testimonial.default\">\n\t\t\t\t<div class=\"elementor-widget-container\">\n\t\t\t\t\t\r\n                    <div class=\"owl owl-carousel carousel-shortcode owl-theme owl-responsive-1000 owl-loaded\" data-carousel-loop=\"true\" data-carousel-dots=\"true\" data-carousel-margin=\"0\" data-carousel-autoplay=\"false\" data-carousel-responsiveclass=\"true\" data-carousel-stage-padding=\"0\" data-carousel-ani-i=\"\" data-carousel-ani-o=\"\" data-carousel-animatein=\"\" data-carousel-animateout=\"\" data-carousel-smartspeed=\"850\" data-carousel-items-mob=\"1\" data-carousel-items-tab=\"2\" data-carousel-items-pc=\"2\" data-carousel-nav-mob=\"false\" data-carousel-nav-tab=\"false\" data-carousel-nav-pc=\"false\" data-carousel-dots-mob=\"true\" data-carousel-dots-tab=\"true\" data-carousel-dots-pc=\"true\">\r\r\n                    \r\n                        <blockquote class=\"testimonial__01\">\r\r\n                            <div class=\"test-item\">\r\r\n                                <div class=\"avatar\">\r\r\n                                    <img decoding=\"async\" width=\"75\" height=\"75\" src=\"https:\/\/www.3gmovers.com\/wp-content\/uploads\/2025\/10\/google-75x75-1.png\" class=\"user-avatar\" alt=\"avatar\" \/> \r\r\n                                <\/div>\r\r\n                                <div class=\"user-info\">\r\r\n                                    <h4 class=\"gap-0 mb-0\">Derya Ek\u015fi<\/h4>\r\r\n                                    <h5 class=\"gap-0\">New Jersey - Istanbul Home Moving <\/h5>\r\r\n                                <\/div>\r\r\n                                <p class=\"gap-30\">Hello,\nI moved from New Jersey to Istanbul with 3G movers, and then from Istanbul to Geneva, Switzerland\u2014all my belongings were transported intact and with great care. Gaye worked tirelessly day and night to assist me. I feel very fortunate to have found them. <\/p>\r\r\n                                <!-- RATING -->\r\r\n                                <div class=\"rating\">\r\r\n                                    <ul class=\"star\">\r\r\n                                        \r\n\t\t\t<li>\r\r\n\t\t\t\t<i class=\"icon_star\"><\/i>\r\r\n\t\t\t<\/li>\r\r\n\t\t\t\r\n\t\t\t<li>\r\r\n\t\t\t\t<i class=\"icon_star\"><\/i>\r\r\n\t\t\t<\/li>\r\r\n\t\t\t\r\n\t\t\t<li>\r\r\n\t\t\t\t<i class=\"icon_star\"><\/i>\r\r\n\t\t\t<\/li>\r\r\n\t\t\t\r\n\t\t\t<li>\r\r\n\t\t\t\t<i class=\"icon_star\"><\/i>\r\r\n\t\t\t<\/li>\r\r\n\t\t\t\r\n\t\t\t<li>\r\r\n\t\t\t\t<i class=\"icon_star\"><\/i>\r\r\n\t\t\t<\/li>\r\r\n\t\t\t\r\n                                    <\/ul>\r\r\n                                    \r\r\n                                <\/div>\r\r\n                            <\/div>\r\r\n                        <\/blockquote>\r\r\n                        \r\n                        <blockquote class=\"testimonial__01\">\r\r\n                            <div class=\"test-item\">\r\r\n                                <div class=\"avatar\">\r\r\n                                    <img decoding=\"async\" width=\"75\" height=\"75\" src=\"https:\/\/www.3gmovers.com\/wp-content\/uploads\/2025\/10\/google-75x75-1.png\" class=\"user-avatar\" alt=\"avatar\" \/> \r\r\n                                <\/div>\r\r\n                                <div class=\"user-info\">\r\r\n                                    <h4 class=\"gap-0 mb-0\">Ekrem \u015eenbabao\u011flu<\/h4>\r\r\n                                    <h5 class=\"gap-0\">Istanbul - Lisbon Home Moving<\/h5>\r\r\n                                <\/div>\r\r\n                                <p class=\"gap-30\">We moved our belongings from Istanbul to Lisbon smoothly with 3G Movers. Since the process involved many different and potentially complex stages, I recommend Gaye as a professional you can trust and reach out to for support at any time.<\/p>\r\r\n                                <!-- RATING -->\r\r\n                                <div class=\"rating\">\r\r\n                                    <ul class=\"star\">\r\r\n                                        \r\n\t\t\t<li>\r\r\n\t\t\t\t<i class=\"icon_star\"><\/i>\r\r\n\t\t\t<\/li>\r\r\n\t\t\t\r\n\t\t\t<li>\r\r\n\t\t\t\t<i class=\"icon_star\"><\/i>\r\r\n\t\t\t<\/li>\r\r\n\t\t\t\r\n\t\t\t<li>\r\r\n\t\t\t\t<i class=\"icon_star\"><\/i>\r\r\n\t\t\t<\/li>\r\r\n\t\t\t\r\n\t\t\t<li>\r\r\n\t\t\t\t<i class=\"icon_star\"><\/i>\r\r\n\t\t\t<\/li>\r\r\n\t\t\t\r\n\t\t\t<li>\r\r\n\t\t\t\t<i class=\"icon_star\"><\/i>\r\r\n\t\t\t<\/li>\r\r\n\t\t\t\r\n                                    <\/ul>\r\r\n                                    \r\r\n                                <\/div>\r\r\n                            <\/div>\r\r\n                        <\/blockquote>\r\r\n                        \r\n                        <blockquote class=\"testimonial__01\">\r\r\n                            <div class=\"test-item\">\r\r\n                                <div class=\"avatar\">\r\r\n                                    <img decoding=\"async\" width=\"75\" height=\"75\" src=\"https:\/\/www.3gmovers.com\/wp-content\/uploads\/2025\/10\/google-75x75-1.png\" class=\"user-avatar\" alt=\"avatar\" \/> \r\r\n                                <\/div>\r\r\n                                <div class=\"user-info\">\r\r\n                                    <h4 class=\"gap-0 mb-0\">Ebrar Cankurt<\/h4>\r\r\n                                    <h5 class=\"gap-0\">Istanbul - Germany Goods Transportation<\/h5>\r\r\n                                <\/div>\r\r\n                                <p class=\"gap-30\">The company I used when moving from Istanbul to Germany. A place where you can always stay in touch and know where your belongings are, which for me is one of the best services a business can offer. If I were to move again, I would definitely use their services without hesitation.<\/p>\r\r\n                                <!-- RATING -->\r\r\n                                <div class=\"rating\">\r\r\n                                    <ul class=\"star\">\r\r\n                                        \r\n\t\t\t<li>\r\r\n\t\t\t\t<i class=\"icon_star\"><\/i>\r\r\n\t\t\t<\/li>\r\r\n\t\t\t\r\n\t\t\t<li>\r\r\n\t\t\t\t<i class=\"icon_star\"><\/i>\r\r\n\t\t\t<\/li>\r\r\n\t\t\t\r\n\t\t\t<li>\r\r\n\t\t\t\t<i class=\"icon_star\"><\/i>\r\r\n\t\t\t<\/li>\r\r\n\t\t\t\r\n\t\t\t<li>\r\r\n\t\t\t\t<i class=\"icon_star\"><\/i>\r\r\n\t\t\t<\/li>\r\r\n\t\t\t\r\n\t\t\t<li>\r\r\n\t\t\t\t<i class=\"icon_star\"><\/i>\r\r\n\t\t\t<\/li>\r\r\n\t\t\t\r\n                                    <\/ul>\r\r\n                                    \r\r\n                                <\/div>\r\r\n                            <\/div>\r\r\n                        <\/blockquote>\r\r\n                        \r\n                        <blockquote class=\"testimonial__01\">\r\r\n                            <div class=\"test-item\">\r\r\n                                <div class=\"avatar\">\r\r\n                                    <img decoding=\"async\" width=\"75\" height=\"75\" src=\"https:\/\/www.3gmovers.com\/wp-content\/uploads\/2025\/10\/google-75x75-1.png\" class=\"user-avatar\" alt=\"avatar\" \/> \r\r\n                                <\/div>\r\r\n                                <div class=\"user-info\">\r\r\n                                    <h4 class=\"gap-0 mb-0\">Z\u00fcbeyde Arslant\u00fcrk<\/h4>\r\r\n                                    <h5 class=\"gap-0\">Istanbul-Frankfurt Goods Transportation<\/h5>\r\r\n                                <\/div>\r\r\n                                <p class=\"gap-30\">We had our belongings in Turkey transported to Frankfurt, Germany. The company was very professional. They carefully packed our belongings, listed them individually, disassembled them, etc. They delivered them to our address in Frankfurt within 17 days. We were very satisfied; they fulfilled all our requests. I definitely recommend them and thank the entire team.<\/p>\r\r\n                                <!-- RATING -->\r\r\n                                <div class=\"rating\">\r\r\n                                    <ul class=\"star\">\r\r\n                                        \r\n\t\t\t<li>\r\r\n\t\t\t\t<i class=\"icon_star\"><\/i>\r\r\n\t\t\t<\/li>\r\r\n\t\t\t\r\n\t\t\t<li>\r\r\n\t\t\t\t<i class=\"icon_star\"><\/i>\r\r\n\t\t\t<\/li>\r\r\n\t\t\t\r\n\t\t\t<li>\r\r\n\t\t\t\t<i class=\"icon_star\"><\/i>\r\r\n\t\t\t<\/li>\r\r\n\t\t\t\r\n\t\t\t<li>\r\r\n\t\t\t\t<i class=\"icon_star\"><\/i>\r\r\n\t\t\t<\/li>\r\r\n\t\t\t\r\n\t\t\t<li>\r\r\n\t\t\t\t<i class=\"icon_star\"><\/i>\r\r\n\t\t\t<\/li>\r\r\n\t\t\t\r\n                                    <\/ul>\r\r\n                                    \r\r\n                                <\/div>\r\r\n                            <\/div>\r\r\n                        <\/blockquote>\r\r\n                        \r\n                <\/div>\r\r\n            \r\r\n            \r\n            \t\t\t\t<\/div>\n\t\t\t\t<\/div>\n\t\t\t\t<\/div>\n\t\t\t\t\t<\/div>\n\t\t\t\t<\/div>\n\t\t<div class=\"elementor-element elementor-element-bdede78 e-flex e-con-boxed e-con e-parent\" data-id=\"bdede78\" data-element_type=\"container\">\n\t\t\t\t\t<div class=\"e-con-inner\">\n\t\t\t\t<div class=\"elementor-element elementor-element-9bf6e07 elementor-align-center elementor-widget elementor-widget-button\" data-id=\"9bf6e07\" data-element_type=\"widget\" data-widget_type=\"button.default\">\n\t\t\t\t\t\t\t\t\t\t<a class=\"elementor-button elementor-button-link elementor-size-sm\" href=\"https:\/\/www.google.com\/search?sca_esv=469084b56d0a10d6&#038;tbm=lcl&#038;sxsrf=ACQVn0-edRaj3rE_DLeq0Mw_ksa0OC7d3Q:1712314217144&#038;q=3G+International+Movers+Yorumlar&#038;rflfq=1&#038;num=20&#038;stick=H4sIAAAAAAAAAONgkxK2NDU1MDUzNDSwMDMwMDWyNDEw3cDI-IpRwdhdwTOvJLUoL7EkMz8vMUfBN78stahYITK_qDQ3J7FoEStBJQCb3dC4YAAAAA&#038;rldimm=9550561108600529405&#038;hl=tr-TR&#038;sa=X&#038;ved=2ahUKEwjrhaDF86qFAxVZ8QIHHe8WDlAQ9fQKegQIPxAF&#038;biw=1920&#038;bih=919&#038;dpr=1#lkt=LocalPoiReviews\">\n\t\t\t\t\t\t<span class=\"elementor-button-content-wrapper\">\n\t\t\t\t\t\t\t\t\t<span class=\"elementor-button-text\">T\u00fcm Yorumlar\u0131m\u0131z\u0131 \u0130nceleyin<\/span>\n\t\t\t\t\t<\/span>\n\t\t\t\t\t<\/a>\n\t\t\t\t\t\t\t\t<\/div>\n\t\t\t\t\t<\/div>\n\t\t\t\t<\/div>\n\t\t\t\t<\/div>","protected":false},"excerpt":{"rendered":"<p>KURUMSAL Bireysel Referanslar GER\u00c7EK DENEY\u0130MLER, GER\u00c7EK YORUMLAR Her ta\u015f\u0131nma bir hik\u00e2yedir\u2026 Yeni bir ba\u015flang\u0131\u00e7, yeni bir \u00fclke, yeni bir ya\u015fam.3G Movers olarak, bu yolculukta binlerce m\u00fc\u015fterimizin yan\u0131nda olduk \u2014 e\u015fyalar\u0131n\u0131, an\u0131lar\u0131n\u0131 ve g\u00fcvenlerini ta\u015f\u0131d\u0131k. Bizim i\u00e7in bireysel m\u00fc\u015fteriler sadece bir \u201cta\u015f\u0131ma dosyas\u0131\u201d de\u011fil, birer yol arkada\u015f\u0131d\u0131r. Her ev, her e\u015fya ve her ta\u015f\u0131nma s\u00fcreci kendine [&hellip;]<\/p>","protected":false},"author":1,"featured_media":0,"parent":0,"menu_order":0,"comment_status":"closed","ping_status":"closed","template":"","meta":{"_acf_changed":false,"footnotes":""},"class_list":["post-4324","page","type-page","status-publish","hentry"],"acf":[],"_links":{"self":[{"href":"https:\/\/www.3gmovers.com\/en\/wp-json\/wp\/v2\/pages\/4324","targetHints":{"allow":["GET"]}}],"collection":[{"href":"https:\/\/www.3gmovers.com\/en\/wp-json\/wp\/v2\/pages"}],"about":[{"href":"https:\/\/www.3gmovers.com\/en\/wp-json\/wp\/v2\/types\/page"}],"author":[{"embeddable":true,"href":"https:\/\/www.3gmovers.com\/en\/wp-json\/wp\/v2\/users\/1"}],"replies":[{"embeddable":true,"href":"https:\/\/www.3gmovers.com\/en\/wp-json\/wp\/v2\/comments?post=4324"}],"version-history":[{"count":10,"href":"https:\/\/www.3gmovers.com\/en\/wp-json\/wp\/v2\/pages\/4324\/revisions"}],"predecessor-version":[{"id":4334,"href":"https:\/\/www.3gmovers.com\/en\/wp-json\/wp\/v2\/pages\/4324\/revisions\/4334"}],"wp:attachment":[{"href":"https:\/\/www.3gmovers.com\/en\/wp-json\/wp\/v2\/media?parent=4324"}],"curies":[{"name":"wp","href":"https:\/\/api.w.org\/{rel}","templated":true}]}}