{"id":4776,"date":"2025-12-08T12:46:26","date_gmt":"2025-12-08T09:46:26","guid":{"rendered":"https:\/\/www.3gmovers.com\/?page_id=4776"},"modified":"2025-12-08T16:11:23","modified_gmt":"2025-12-08T13:11:23","slug":"basari-hikayelerimiz","status":"publish","type":"page","link":"https:\/\/www.3gmovers.com\/en\/basari-hikayelerimiz\/","title":{"rendered":"Our Success Stories"},"content":{"rendered":"<div data-elementor-type=\"wp-page\" data-elementor-id=\"4776\" class=\"elementor elementor-4776\">\n\t\t\t\t<div class=\"elementor-element elementor-element-9149483 e-con-full e-flex e-con e-parent\" data-id=\"9149483\" data-element_type=\"container\" data-settings=\"{&quot;background_background&quot;:&quot;classic&quot;}\">\n\t\t<div class=\"elementor-element elementor-element-a05d6c9 e-con-full e-flex e-con e-child\" data-id=\"a05d6c9\" data-element_type=\"container\">\n\t\t<div class=\"elementor-element elementor-element-23f2a42 e-con-full e-flex e-con e-child\" data-id=\"23f2a42\" data-element_type=\"container\">\n\t\t\t\t<div class=\"elementor-element elementor-element-205e154 elementor-widget elementor-widget-sc-sub-heading\" data-id=\"205e154\" data-element_type=\"widget\" data-widget_type=\"sc-sub-heading.default\">\n\t\t\t\t<div class=\"elementor-widget-container\">\n\t\t\t\t\t<div class=\"sub-heading-wrapper\"><h6 class=\"sub-heading center\">REFERANSLARIMIZ<\/h6><\/div>\t\t\t\t<\/div>\n\t\t\t\t<\/div>\n\t\t\t\t<div class=\"elementor-element elementor-element-87a8190 elementor-widget elementor-widget-heading\" data-id=\"87a8190\" data-element_type=\"widget\" data-widget_type=\"heading.default\">\n\t\t\t\t\t<h1 class=\"elementor-heading-title elementor-size-default\">Our Success Stories<\/h1>\t\t\t\t<\/div>\n\t\t\t\t<\/div>\n\t\t\t\t<\/div>\n\t\t<div class=\"elementor-element elementor-element-e234d7c e-con-full e-flex e-con e-child\" data-id=\"e234d7c\" data-element_type=\"container\">\n\t\t\t\t<div class=\"elementor-element elementor-element-0914bac elementor-widget elementor-widget-sc-waves\" data-id=\"0914bac\" data-element_type=\"widget\" data-widget_type=\"sc-waves.default\">\n\t\t\t\t<div class=\"elementor-widget-container\">\n\t\t\t\t\t\r\n        \r\r\n        <div class=\"wave-element\" style=\"position:relative;\">\r\r\n            <svg viewbox=\"0 0 1366 214\" preserveaspectratio=\"none\" style=\"position:absolute;width:100%;height:100%;\">\r\r\n                <path fill=\"ffffff\" d=\"M0,54c0,0,106,134,307,101c246-63,285-39,368-22c106,33,225,90,292,62c109-39,255-191,399-178 c0,128,0,214,0,214H0V54z\"\/>\r\r\n            <path fill=\"ffffff\" style=\"opacity: 0.45\" d=\"M-1,231h188h1178c0,0,2-104,0-214c-297,10-383,309-632,143c-39,0-122,51-325-17C172,216-1,31-1,31\"\/>\r\r\n            <path fill=\"ffffff\" style=\"opacity: 0.45\" d=\"M1366,227c0,0,0-71.03,0-203c-198-44-439,252-559,156c-13,1,0.7-9.44-53-20c-116.23-22.86-254.55-23.5-371-17 C157,121-4,172.01-4,172.01\"\/>\r\n            <\/svg>\r\r\n        <\/div>\r\r\n    \t\t\t\t<\/div>\n\t\t\t\t<\/div>\n\t\t\t\t<\/div>\n\t\t\t\t<\/div>\n\t\t<div class=\"elementor-element elementor-element-54ccb517 e-flex e-con-boxed e-con e-parent\" data-id=\"54ccb517\" data-element_type=\"container\">\n\t\t\t\t\t<div class=\"e-con-inner\">\n\t\t<div class=\"elementor-element elementor-element-1e26cb4e e-con-full e-flex e-con e-child\" data-id=\"1e26cb4e\" data-element_type=\"container\" data-settings=\"{&quot;background_background&quot;:&quot;classic&quot;}\">\n\t\t<div class=\"elementor-element elementor-element-75b136cb e-con-full e-flex e-con e-child\" data-id=\"75b136cb\" data-element_type=\"container\" data-settings=\"{&quot;background_background&quot;:&quot;classic&quot;}\">\n\t\t\t\t<div class=\"elementor-element elementor-element-eb5796f elementor-widget elementor-widget-wp-widget-media_video\" data-id=\"eb5796f\" data-element_type=\"widget\" data-widget_type=\"wp-widget-media_video.default\">\n\t\t\t\t<div class=\"elementor-widget-container\">\n\t\t\t\t\t<div style=\"width:100%;\" class=\"wp-video\"><video class=\"wp-video-shortcode\" id=\"video-4776-1\" preload=\"metadata\" controls=\"controls\"><source type=\"video\/mp4\" src=\"https:\/\/www.3gmovers.com\/wp-content\/uploads\/2025\/12\/Sara.mp4?_=1\" \/><source type=\"video\/mp4\" src=\"https:\/\/www.3gmovers.com\/wp-content\/uploads\/2025\/12\/Sara.mp4?_=1\" \/><a href=\"https:\/\/www.3gmovers.com\/wp-content\/uploads\/2025\/12\/Sara.mp4\">https:\/\/www.3gmovers.com\/wp-content\/uploads\/2025\/12\/Sara.mp4<\/a><\/video><\/div>\t\t\t\t<\/div>\n\t\t\t\t<\/div>\n\t\t\t\t<\/div>\n\t\t<div class=\"elementor-element elementor-element-27d34443 e-con-full e-flex e-con e-child\" data-id=\"27d34443\" data-element_type=\"container\" data-settings=\"{&quot;background_background&quot;:&quot;classic&quot;}\">\n\t\t\t\t<div class=\"elementor-element elementor-element-9370662 elementor-widget__width-initial elementor-widget elementor-widget-text-editor\" data-id=\"9370662\" data-element_type=\"widget\" data-widget_type=\"text-editor.default\">\n\t\t\t\t\t\t\t\t\t<h2 data-start=\"826\" data-end=\"849\"><strong data-start=\"829\" data-end=\"849\">\u0130stanbul&#8217;dan EGYPT Cairo&#8217;ya Uluslararas\u0131 Evden Eve Nakliyat<\/strong><\/h2><p data-start=\"851\" data-end=\"1075\">\u0130stanbul\u2019dan Kahire\u2019ye uzanan sorunsuz bir ta\u015f\u0131nma daha!<br \/>Sara Han\u0131m\u2019\u0131n ev e\u015fyalar\u0131n\u0131 \u00f6zenle paketleyip g\u00fcvenle M\u0131s\u0131r\u2019a ula\u015ft\u0131rmak \u00fczere yola \u00e7\u0131kard\u0131k. 3G Movers olarak, uluslararas\u0131 ta\u015f\u0131mac\u0131l\u0131kta her ad\u0131mda profesyonellik ve \u015feffafl\u0131k sunmaya devam ediyoruz.\u00a0<br \/>Yeni evinizde mutluluklar dileriz Sara Han\u0131m!<\/p><p data-start=\"1077\" data-end=\"1103\"><strong data-start=\"1077\" data-end=\"1103\">The Guarantees We Offer:<\/strong><\/p><p data-start=\"1106\" data-end=\"1134\"><a href=\"\/en\/kapidan-kapiya-teslimat\/\">Door-to-Door Delivery<\/a> | <a href=\"\/en\/gumruk-ve-evrak-yonetimi\/\">Customs and Document Management<\/a> | <a href=\"\/en\/profesyonel-paketleme\/\">Professional Packaging<\/a>\u00a0| <a href=\"\/en\/dunya-capinda-teslimat\/\">Worldwide Delivery<\/a>\u00a0| <a href=\"\/en\/surec-boyunca-anlik-bilgilendirme\/\">Real-time Updates Throughout the Process<\/a>\u00a0| <a href=\"\/en\/sigortali-tasimacilik\/\">Insured Transportation<\/a><\/p><h5 data-start=\"3421\" data-end=\"3465\"><strong data-start=\"3424\" data-end=\"3465\">Move Your Home Safely with 3G Movers<\/strong><\/h5><p data-start=\"3467\" data-end=\"3622\">Have a professional team behind you as you step into your new country. 3G Movers doesn't just move your belongings; we also move your comfort, safety, and peace of mind.<\/p>\t\t\t\t\t\t\t\t<\/div>\n\t\t<div class=\"elementor-element elementor-element-68cba0bd e-con-full e-flex e-con e-child\" data-id=\"68cba0bd\" data-element_type=\"container\">\n\t\t<div class=\"elementor-element elementor-element-c6cdd29 e-con-full e-flex e-con e-child\" data-id=\"c6cdd29\" data-element_type=\"container\">\n\t\t\t\t<div class=\"elementor-element elementor-element-48b349fb shadow-btn elementor-widget elementor-widget-button\" data-id=\"48b349fb\" data-element_type=\"widget\" data-widget_type=\"button.default\">\n\t\t\t\t\t\t\t\t\t\t<a class=\"elementor-button elementor-button-link elementor-size-sm elementor-animation-float\" href=\"\/en\/talep-formu\/\">\n\t\t\t\t\t\t<span class=\"elementor-button-content-wrapper\">\n\t\t\t\t\t\t\t\t\t<span class=\"elementor-button-text\">GET A FREE QUOTE<\/span>\n\t\t\t\t\t<\/span>\n\t\t\t\t\t<\/a>\n\t\t\t\t\t\t\t\t<\/div>\n\t\t\t\t<\/div>\n\t\t<div class=\"elementor-element elementor-element-2d1ef0a5 e-con-full e-flex e-con e-child\" data-id=\"2d1ef0a5\" data-element_type=\"container\">\n\t\t<div class=\"elementor-element elementor-element-72c68e74 e-con-full e-flex e-con e-child\" data-id=\"72c68e74\" data-element_type=\"container\">\n\t\t\t\t<div class=\"elementor-element elementor-element-4a458d14 elementor-view-stacked elementor-shape-circle elementor-widget elementor-widget-icon\" data-id=\"4a458d14\" data-element_type=\"widget\" data-widget_type=\"icon.default\">\n\t\t\t\t\t\t\t<div class=\"elementor-icon-wrapper\">\n\t\t\t<a class=\"elementor-icon\" href=\"https:\/\/wa.me\/+905496167466\" target=\"_blank\">\n\t\t\t<svg aria-hidden=\"true\" class=\"e-font-icon-svg e-fab-whatsapp\" viewbox=\"0 0 448 512\" xmlns=\"http:\/\/www.w3.org\/2000\/svg\"><path d=\"M380.9 97.1C339 55.1 283.2 32 223.9 32c-122.4 0-222 99.6-222 222 0 39.1 10.2 77.3 29.6 111L0 480l117.7-30.9c32.4 17.7 68.9 27 106.1 27h.1c122.3 0 224.1-99.6 224.1-222 0-59.3-25.2-115-67.1-157zm-157 341.6c-33.2 0-65.7-8.9-94-25.7l-6.7-4-69.8 18.3L72 359.2l-4.4-7c-18.5-29.4-28.2-63.3-28.2-98.2 0-101.7 82.8-184.5 184.6-184.5 49.3 0 95.6 19.2 130.4 54.1 34.8 34.9 56.2 81.2 56.1 130.5 0 101.8-84.9 184.6-186.6 184.6zm101.2-138.2c-5.5-2.8-32.8-16.2-37.9-18-5.1-1.9-8.8-2.8-12.5 2.8-3.7 5.6-14.3 18-17.6 21.8-3.2 3.7-6.5 4.2-12 1.4-32.6-16.3-54-29.1-75.5-66-5.7-9.8 5.7-9.1 16.3-30.3 1.8-3.7.9-6.9-.5-9.7-1.4-2.8-12.5-30.1-17.1-41.2-4.5-10.8-9.1-9.3-12.5-9.5-3.2-.2-6.9-.2-10.6-.2-3.7 0-9.7 1.4-14.8 6.9-5.1 5.6-19.4 19-19.4 46.3 0 27.3 19.9 53.7 22.6 57.4 2.8 3.7 39.1 59.7 94.8 83.8 35.2 15.2 49 16.5 66.6 13.9 10.7-1.6 32.8-13.4 37.4-26.4 4.6-13 4.6-24.1 3.2-26.4-1.3-2.5-5-3.9-10.5-6.6z\"><\/path><\/svg>\t\t\t<\/a>\n\t\t<\/div>\n\t\t\t\t\t\t<\/div>\n\t\t\t\t<\/div>\n\t\t<div class=\"elementor-element elementor-element-38945522 e-con-full e-flex e-con e-child\" data-id=\"38945522\" data-element_type=\"container\">\n\t\t\t\t<div class=\"elementor-element elementor-element-69625234 elementor-widget elementor-widget-heading\" data-id=\"69625234\" data-element_type=\"widget\" data-widget_type=\"heading.default\">\n\t\t\t\t\t<h6 class=\"elementor-heading-title elementor-size-default\"><a href=\"https:\/\/wa.me\/+905496167466\" target=\"_blank\">INSTANT MESSAGING\n<\/a><\/h6>\t\t\t\t<\/div>\n\t\t\t\t<div class=\"elementor-element elementor-element-6a67b829 elementor-widget elementor-widget-heading\" data-id=\"6a67b829\" data-element_type=\"widget\" data-widget_type=\"heading.default\">\n\t\t\t\t\t<h2 class=\"elementor-heading-title elementor-size-default\"><a href=\"https:\/\/wa.me\/+905496167466\" target=\"_blank\">+90 549 616 74 66<\/a><\/h2>\t\t\t\t<\/div>\n\t\t\t\t<\/div>\n\t\t\t\t<\/div>\n\t\t\t\t<\/div>\n\t\t\t\t<\/div>\n\t\t\t\t<\/div>\n\t\t\t\t\t<\/div>\n\t\t\t\t<\/div>\n\t\t<div class=\"elementor-element elementor-element-e80f20b e-flex e-con-boxed e-con e-parent\" data-id=\"e80f20b\" data-element_type=\"container\">\n\t\t\t\t\t<div class=\"e-con-inner\">\n\t\t<div class=\"elementor-element elementor-element-b862112 e-con-full e-flex e-con e-child\" data-id=\"b862112\" data-element_type=\"container\" data-settings=\"{&quot;background_background&quot;:&quot;classic&quot;}\">\n\t\t<div class=\"elementor-element elementor-element-8fe831b e-con-full e-flex e-con e-child\" data-id=\"8fe831b\" data-element_type=\"container\" data-settings=\"{&quot;background_background&quot;:&quot;classic&quot;}\">\n\t\t\t\t<div class=\"elementor-element elementor-element-0bf8f47 elementor-widget elementor-widget-wp-widget-media_video\" data-id=\"0bf8f47\" data-element_type=\"widget\" data-widget_type=\"wp-widget-media_video.default\">\n\t\t\t\t<div class=\"elementor-widget-container\">\n\t\t\t\t\t<div style=\"width:100%;\" class=\"wp-video\"><video class=\"wp-video-shortcode\" id=\"video-4776-2\" preload=\"metadata\" controls=\"controls\"><source type=\"video\/mp4\" src=\"https:\/\/www.3gmovers.com\/wp-content\/uploads\/2025\/12\/kenya.mp4?_=2\" \/><source type=\"video\/mp4\" src=\"https:\/\/www.3gmovers.com\/wp-content\/uploads\/2025\/12\/kenya.mp4?_=2\" \/><a href=\"https:\/\/www.3gmovers.com\/wp-content\/uploads\/2025\/12\/kenya.mp4\">https:\/\/www.3gmovers.com\/wp-content\/uploads\/2025\/12\/kenya.mp4<\/a><\/video><\/div>\t\t\t\t<\/div>\n\t\t\t\t<\/div>\n\t\t\t\t<\/div>\n\t\t<div class=\"elementor-element elementor-element-100f0d2 e-con-full e-flex e-con e-child\" data-id=\"100f0d2\" data-element_type=\"container\" data-settings=\"{&quot;background_background&quot;:&quot;classic&quot;}\">\n\t\t\t\t<div class=\"elementor-element elementor-element-8f8afb2 elementor-widget__width-initial elementor-widget elementor-widget-text-editor\" data-id=\"8f8afb2\" data-element_type=\"widget\" data-widget_type=\"text-editor.default\">\n\t\t\t\t\t\t\t\t\t<h2 data-start=\"826\" data-end=\"849\"><strong data-start=\"829\" data-end=\"849\">Ankara&#8217;dan Kenya&#8217;ya, Kenya B\u00fcy\u00fckel\u00e7ili\u011fi Askeri Ata\u015fesi Ta\u015f\u0131mas\u0131<\/strong><\/h2><h4 data-start=\"851\" data-end=\"1075\"><strong>Ankara\u2019dan Kenya\u2019ya Uluslararas\u0131 Evden Eve Nakliyat<\/strong><\/h4><p>Say\u0131n Godfrey, Kenya B\u00fcy\u00fckel\u00e7ili\u011fi Askeri Ata\u015fesi\u2019nin ev ta\u015f\u0131nmas\u0131n\u0131 ba\u015far\u0131yla ger\u00e7ekle\u015ftirdik. 3G Movers olarak uluslararas\u0131 ta\u015f\u0131mac\u0131l\u0131kta g\u00fcven, \u015feffaf s\u00fcre\u00e7 y\u00f6netimi ve profesyonel paketleme anlay\u0131\u015f\u0131m\u0131zla her zaman yan\u0131n\u0131zday\u0131z.<\/p><p>E\u015fyalar\u0131n\u0131z d\u00fcnyan\u0131n neresine giderse gitsin, biz g\u00fcvenle ula\u015ft\u0131r\u0131yoruz. \u2728<br \/>Te\u015fekk\u00fcr ederiz Say\u0131n Godfrey, bizim i\u00e7in bir onurdu.<\/p><p data-start=\"1077\" data-end=\"1103\"><strong data-start=\"1077\" data-end=\"1103\">The Guarantees We Offer:<\/strong><\/p><p data-start=\"1106\" data-end=\"1134\"><a href=\"\/en\/kapidan-kapiya-teslimat\/\">Door-to-Door Delivery<\/a> | <a href=\"\/en\/gumruk-ve-evrak-yonetimi\/\">Customs and Document Management<\/a> | <a href=\"\/en\/profesyonel-paketleme\/\">Professional Packaging<\/a>\u00a0| <a href=\"\/en\/dunya-capinda-teslimat\/\">Worldwide Delivery<\/a>\u00a0| <a href=\"\/en\/surec-boyunca-anlik-bilgilendirme\/\">Real-time Updates Throughout the Process<\/a>\u00a0| <a href=\"\/en\/sigortali-tasimacilik\/\">Insured Transportation<\/a><\/p><p><strong>3G Movers \u2013 International Moving Services<\/strong><\/p>\t\t\t\t\t\t\t\t<\/div>\n\t\t<div class=\"elementor-element elementor-element-53c51b9 e-con-full e-flex e-con e-child\" data-id=\"53c51b9\" data-element_type=\"container\">\n\t\t<div class=\"elementor-element elementor-element-b29b20d e-con-full e-flex e-con e-child\" data-id=\"b29b20d\" data-element_type=\"container\">\n\t\t\t\t<div class=\"elementor-element elementor-element-c978125 shadow-btn elementor-widget elementor-widget-button\" data-id=\"c978125\" data-element_type=\"widget\" data-widget_type=\"button.default\">\n\t\t\t\t\t\t\t\t\t\t<a class=\"elementor-button elementor-button-link elementor-size-sm elementor-animation-float\" href=\"\/en\/talep-formu\/\">\n\t\t\t\t\t\t<span class=\"elementor-button-content-wrapper\">\n\t\t\t\t\t\t\t\t\t<span class=\"elementor-button-text\">GET A FREE QUOTE<\/span>\n\t\t\t\t\t<\/span>\n\t\t\t\t\t<\/a>\n\t\t\t\t\t\t\t\t<\/div>\n\t\t\t\t<\/div>\n\t\t<div class=\"elementor-element elementor-element-da71a94 e-con-full e-flex e-con e-child\" data-id=\"da71a94\" data-element_type=\"container\">\n\t\t<div class=\"elementor-element elementor-element-3fca505 e-con-full e-flex e-con e-child\" data-id=\"3fca505\" data-element_type=\"container\">\n\t\t\t\t<div class=\"elementor-element elementor-element-6c0f371 elementor-view-stacked elementor-shape-circle elementor-widget elementor-widget-icon\" data-id=\"6c0f371\" data-element_type=\"widget\" data-widget_type=\"icon.default\">\n\t\t\t\t\t\t\t<div class=\"elementor-icon-wrapper\">\n\t\t\t<a class=\"elementor-icon\" href=\"https:\/\/wa.me\/+905496167466\" target=\"_blank\">\n\t\t\t<svg aria-hidden=\"true\" class=\"e-font-icon-svg e-fab-whatsapp\" viewbox=\"0 0 448 512\" xmlns=\"http:\/\/www.w3.org\/2000\/svg\"><path d=\"M380.9 97.1C339 55.1 283.2 32 223.9 32c-122.4 0-222 99.6-222 222 0 39.1 10.2 77.3 29.6 111L0 480l117.7-30.9c32.4 17.7 68.9 27 106.1 27h.1c122.3 0 224.1-99.6 224.1-222 0-59.3-25.2-115-67.1-157zm-157 341.6c-33.2 0-65.7-8.9-94-25.7l-6.7-4-69.8 18.3L72 359.2l-4.4-7c-18.5-29.4-28.2-63.3-28.2-98.2 0-101.7 82.8-184.5 184.6-184.5 49.3 0 95.6 19.2 130.4 54.1 34.8 34.9 56.2 81.2 56.1 130.5 0 101.8-84.9 184.6-186.6 184.6zm101.2-138.2c-5.5-2.8-32.8-16.2-37.9-18-5.1-1.9-8.8-2.8-12.5 2.8-3.7 5.6-14.3 18-17.6 21.8-3.2 3.7-6.5 4.2-12 1.4-32.6-16.3-54-29.1-75.5-66-5.7-9.8 5.7-9.1 16.3-30.3 1.8-3.7.9-6.9-.5-9.7-1.4-2.8-12.5-30.1-17.1-41.2-4.5-10.8-9.1-9.3-12.5-9.5-3.2-.2-6.9-.2-10.6-.2-3.7 0-9.7 1.4-14.8 6.9-5.1 5.6-19.4 19-19.4 46.3 0 27.3 19.9 53.7 22.6 57.4 2.8 3.7 39.1 59.7 94.8 83.8 35.2 15.2 49 16.5 66.6 13.9 10.7-1.6 32.8-13.4 37.4-26.4 4.6-13 4.6-24.1 3.2-26.4-1.3-2.5-5-3.9-10.5-6.6z\"><\/path><\/svg>\t\t\t<\/a>\n\t\t<\/div>\n\t\t\t\t\t\t<\/div>\n\t\t\t\t<\/div>\n\t\t<div class=\"elementor-element elementor-element-03b81aa e-con-full e-flex e-con e-child\" data-id=\"03b81aa\" data-element_type=\"container\">\n\t\t\t\t<div class=\"elementor-element elementor-element-8bfaabc elementor-widget elementor-widget-heading\" data-id=\"8bfaabc\" data-element_type=\"widget\" data-widget_type=\"heading.default\">\n\t\t\t\t\t<h6 class=\"elementor-heading-title elementor-size-default\"><a href=\"https:\/\/wa.me\/+905496167466\" target=\"_blank\">INSTANT MESSAGING\n<\/a><\/h6>\t\t\t\t<\/div>\n\t\t\t\t<div class=\"elementor-element elementor-element-246e9f5 elementor-widget elementor-widget-heading\" data-id=\"246e9f5\" data-element_type=\"widget\" data-widget_type=\"heading.default\">\n\t\t\t\t\t<h2 class=\"elementor-heading-title elementor-size-default\"><a href=\"https:\/\/wa.me\/+905496167466\" target=\"_blank\">+90 549 616 74 66<\/a><\/h2>\t\t\t\t<\/div>\n\t\t\t\t<\/div>\n\t\t\t\t<\/div>\n\t\t\t\t<\/div>\n\t\t\t\t<\/div>\n\t\t\t\t<\/div>\n\t\t\t\t\t<\/div>\n\t\t\t\t<\/div>\n\t\t\t\t<\/div>","protected":false},"excerpt":{"rendered":"<p>REFERANSLARIMIZ Ba\u015far\u0131 Hikayelerimiz \u0130stanbul&#8217;dan EGYPT Cairo&#8217;ya Uluslararas\u0131 Evden Eve Nakliyat \u0130stanbul\u2019dan Kahire\u2019ye uzanan sorunsuz bir ta\u015f\u0131nma daha!Sara Han\u0131m\u2019\u0131n ev e\u015fyalar\u0131n\u0131 \u00f6zenle paketleyip g\u00fcvenle M\u0131s\u0131r\u2019a ula\u015ft\u0131rmak \u00fczere yola \u00e7\u0131kard\u0131k. 3G Movers olarak, uluslararas\u0131 ta\u015f\u0131mac\u0131l\u0131kta her ad\u0131mda profesyonellik ve \u015feffafl\u0131k sunmaya devam ediyoruz.\u00a0Yeni evinizde mutluluklar dileriz Sara Han\u0131m! Sundu\u011fumuz G\u00fcvenceler: Kap\u0131dan Kap\u0131ya Teslimat | G\u00fcmr\u00fck ve Evrak [&hellip;]<\/p>","protected":false},"author":1,"featured_media":0,"parent":0,"menu_order":0,"comment_status":"closed","ping_status":"closed","template":"","meta":{"_acf_changed":false,"footnotes":""},"class_list":["post-4776","page","type-page","status-publish","hentry"],"acf":[],"_links":{"self":[{"href":"https:\/\/www.3gmovers.com\/en\/wp-json\/wp\/v2\/pages\/4776","targetHints":{"allow":["GET"]}}],"collection":[{"href":"https:\/\/www.3gmovers.com\/en\/wp-json\/wp\/v2\/pages"}],"about":[{"href":"https:\/\/www.3gmovers.com\/en\/wp-json\/wp\/v2\/types\/page"}],"author":[{"embeddable":true,"href":"https:\/\/www.3gmovers.com\/en\/wp-json\/wp\/v2\/users\/1"}],"replies":[{"embeddable":true,"href":"https:\/\/www.3gmovers.com\/en\/wp-json\/wp\/v2\/comments?post=4776"}],"version-history":[{"count":22,"href":"https:\/\/www.3gmovers.com\/en\/wp-json\/wp\/v2\/pages\/4776\/revisions"}],"predecessor-version":[{"id":4804,"href":"https:\/\/www.3gmovers.com\/en\/wp-json\/wp\/v2\/pages\/4776\/revisions\/4804"}],"wp:attachment":[{"href":"https:\/\/www.3gmovers.com\/en\/wp-json\/wp\/v2\/media?parent=4776"}],"curies":[{"name":"wp","href":"https:\/\/api.w.org\/{rel}","templated":true}]}}